{"id":347,"date":"2021-07-08T06:22:45","date_gmt":"2021-07-08T06:22:45","guid":{"rendered":"https:\/\/breaslaaventurierilor.ro\/?page_id=347"},"modified":"2021-07-08T06:22:45","modified_gmt":"2021-07-08T06:22:45","slug":"scopul-asociatiatiei-breasla-aventurierilor","status":"publish","type":"page","link":"https:\/\/breaslaaventurierilor.ro\/hu_hu\/scopul-asociatiatiei-breasla-aventurierilor\/","title":{"rendered":"Scopul asocia\u021bia\u021biei Breasla Aventurierilor"},"content":{"rendered":"<div>Art. 3. Scopul asocia\u021bia\u021biei \u00eel constituie:<\/div>\n<div>A. Promovarea \u0219i petrecerea timpului liber \u00eentr-un mod pl\u0103cut, s\u0103n\u0103tos \u0219i creativ, precum \u0219i libertatea de a alege desf\u0103\u0219urarea unor activit\u0103\u021bi pentru nevoile proprii de autorecunoa\u0219tere, dezvoltare \u0219i perfec\u021bionare fizic\u0103, mental\u0103 \u0219i spiritual\u0103, individual sau \u00een grup, indiferent de v\u00e2rst\u0103, s\u0103n\u0103tate, na\u021bionalitate, sex, religie sau nivel social prin:<\/div>\n<div>atragerea de fonduri materiale \u0219i financiare pentru finan\u021barea activit\u00ee\u0103\u021bii desf\u0103\u0219urate<\/div>\n<p>&nbsp;<\/p>\n<ul>\n<li>\n<div>construirea, \u00eenfiin\u021barea sau achizi\u021bionarea unui centru de informare, perfec\u021bionare \u0219i de organizare a ascivit\u0103\u021bilor propriu-zise<\/div>\n<\/li>\n<li>\n<div>dotarea centrului de informare cu o baz\u0103 material\u0103 care s\u0103 sus\u021bin\u0103 activit\u0103\u021bile, informarea, popularizarea, perfec\u021bionarea personalului \u0219i a activit\u0103\u021bilor<\/div>\n<\/li>\n<li>\n<div>\u00eenfiin\u021barea loca\u021biilor \u0219i dotarea lor cu o baz\u0103 material\u0103 care s\u0103 fie adecvat\u0103 \u0219i conform\u0103 cerin\u021belor U.E. \u0219i a activit\u0103\u021bilor specifice promovate<\/div>\n<\/li>\n<li>\n<div>atragerea de speciali\u0219ti \u0219i oameni experimenta\u021bi care asigur\u0103 buna fun\u021bionare \u0219i gospod\u0103rirea bunurilor asocia\u021biei \u0219i a activit\u0103\u021bilor promovate<\/div>\n<\/li>\n<li>\n<div>preg\u0103tirea tinerilor care s\u0103 perpetueze \u0219i s\u0103 \u00eembun\u0103t\u0103\u021beasc\u0103 activitatea asocia\u021biei \u00een viitor<\/div>\n<\/li>\n<li>\n<div>alinierea activit\u0103\u021bilor desf\u0103\u0219urate la normele \u0219i standardele europene<\/div>\n<\/li>\n<li>\n<div>promovarea posibilit\u0103\u021bii de a duce o via\u021b\u0103 s\u0103n\u0103toas\u0103 prin prisma alimenta\u021biei s\u0103n\u0103toase \u0219i a medicinii alternative<\/div>\n<\/li>\n<li>\n<div>sprijinirea \u0219i \u00eenfiin\u021barea altor societ\u0103\u021bi \u0219i organiza\u021bii care sau acela\u0219i obiect de activitate \u0219i acordarea de consultan\u021b\u0103 \u00een domeniile descrise mai sus.<\/div>\n<\/li>\n<\/ul>\n<div>B. Promovarea \u0219i protejarea culturii:simpozioane pe teme culturale, festivaluri artistice, expozi\u021bii, concerte<\/div>\n<ul>\n<li><\/li>\n<li>\n<div>colaborarea cu mediul academic<\/div>\n<\/li>\n<li>\n<div>editarea, tip\u0103rirea \u0219i difuyarea de publica\u021bii culturale<\/div>\n<\/li>\n<\/ul>\n<div>C. Promovarea \u0219tiin\u021bei \u0219i cercet\u0103rii<\/div>\n<ul>\n<li>\n<div>simpozioane, sesiuni \u0219i comunic\u0103ri \u0219tiin\u021bifice<\/div>\n<\/li>\n<li>\n<div>promovarea inven\u021biilor, a inova\u021biilor \u0219i breverarea lor<\/div>\n<\/li>\n<li>\n<div>editarea, tip\u0103rirea \u0219i difuzarea de publica\u021bii cu caracter \u0219tiin\u021bific<\/div>\n<\/li>\n<li>\n<div>sprijinirea cercet\u0103rii<\/div>\n<\/li>\n<\/ul>\n<div>D. Promovarea spiritului civic<\/div>\n<ul>\n<li>\n<div>protejarea patrimoniului \u0219i restaurarea operelor \u0219i a cl\u0103dirilor de patrimoniu<\/div>\n<\/li>\n<li>\n<div>perfectarea, studierea \u0219i punerea \u00een practic\u0103 a tehnicilor de construc\u021bii a cl\u0103dirilor \u0219i anexelor tradi\u021bionale din zonele urbane \u0219i rurale de la noi din \u021bar\u0103 precum \u0219i din ate state<\/div>\n<\/li>\n<li>\n<div>efectuarea \u0219i sus\u021binerea unor acte de caritate<\/div>\n<\/li>\n<li>\n<div>descoperirea, promovarea \u0219i sus\u021binerea gastronomiei tradi\u021bionale<\/div>\n<\/li>\n<li>\n<div>organizarea de expedi\u021bii sau excursii \u0219tiin\u021bifice<\/div>\n<\/li>\n<li>\n<div>descoperirea, promovarea \u0219i sus\u021binerea meseriilor vechi \u0219i a meseriilor tradi\u021bionale<\/div>\n<\/li>\n<li>\n<div>efectuarea \u0219i sus\u021binerea unor acte de voluntariat<\/div>\n<\/li>\n<li>\n<div>sus\u021binerea pasiunilor de orice fel precum fotografii, activit\u0103\u021bile de colec\u021bionare \u00een orice domeniu, gr\u0103din\u0103rit, plante medicinale, limbi str\u0103ine, comunicare, etc.<\/div>\n<\/li>\n<li>\n<div>sprijinirea unor tineri supradota\u021bi<\/div>\n<\/li>\n<li>\n<div>lupta \u00eempotriva intoleran\u021bei de orice fel<\/div>\n<\/li>\n<li>\n<div>\u00eencurajarea oric\u0103ror ac\u021biuni menite s\u0103 sprijine \u00een\u021belegerea \u00eentre grupurile etnice, \u00eentre diferitele na\u021biuni \u0219i popoare, cum ar fi conferin\u021be, sesiuni de comunic\u0103ri, excursii reciproce, concursuri cu premii, etc.<\/div>\n<\/li>\n<\/ul>","protected":false},"excerpt":{"rendered":"<p>Art. 3. Scopul asocia\u021bia\u021biei \u00eel constituie: A. Promovarea \u0219i petrecerea timpului liber \u00eentr-un mod pl\u0103cut, s\u0103n\u0103tos \u0219i creativ, precum \u0219i libertatea de a alege desf\u0103\u0219urarea unor activit\u0103\u021bi pentru nevoile proprii de autorecunoa\u0219tere, dezvoltare \u0219i perfec\u021bionare fizic\u0103, mental\u0103 \u0219i spiritual\u0103, individual sau \u00een grup, indiferent de v\u00e2rst\u0103, s\u0103n\u0103tate, na\u021bionalitate, sex, religie sau nivel social prin: atragerea&hellip; <br \/> <a class=\"read-more\" href=\"https:\/\/breaslaaventurierilor.ro\/hu_hu\/scopul-asociatiatiei-breasla-aventurierilor\/\">Read more<\/a><\/p>","protected":false},"author":1,"featured_media":0,"parent":0,"menu_order":0,"comment_status":"closed","ping_status":"closed","template":"","meta":{"footnotes":""},"class_list":["post-347","page","type-page","status-publish","hentry"],"_links":{"self":[{"href":"https:\/\/breaslaaventurierilor.ro\/hu_hu\/wp-json\/wp\/v2\/pages\/347","targetHints":{"allow":["GET"]}}],"collection":[{"href":"https:\/\/breaslaaventurierilor.ro\/hu_hu\/wp-json\/wp\/v2\/pages"}],"about":[{"href":"https:\/\/breaslaaventurierilor.ro\/hu_hu\/wp-json\/wp\/v2\/types\/page"}],"author":[{"embeddable":true,"href":"https:\/\/breaslaaventurierilor.ro\/hu_hu\/wp-json\/wp\/v2\/users\/1"}],"replies":[{"embeddable":true,"href":"https:\/\/breaslaaventurierilor.ro\/hu_hu\/wp-json\/wp\/v2\/comments?post=347"}],"version-history":[{"count":1,"href":"https:\/\/breaslaaventurierilor.ro\/hu_hu\/wp-json\/wp\/v2\/pages\/347\/revisions"}],"predecessor-version":[{"id":348,"href":"https:\/\/breaslaaventurierilor.ro\/hu_hu\/wp-json\/wp\/v2\/pages\/347\/revisions\/348"}],"wp:attachment":[{"href":"https:\/\/breaslaaventurierilor.ro\/hu_hu\/wp-json\/wp\/v2\/media?parent=347"}],"curies":[{"name":"wp","href":"https:\/\/api.w.org\/{rel}","templated":true}]}}